{"id":51,"date":"2021-03-18T17:48:21","date_gmt":"2021-03-18T17:48:21","guid":{"rendered":"https:\/\/birresbar.se\/?page_id=51"},"modified":"2026-05-02T11:45:01","modified_gmt":"2026-05-02T11:45:01","slug":"materialis","status":"publish","type":"page","link":"https:\/\/birresbar.se\/","title":{"rendered":"Front Page"},"content":{"rendered":"\t\t<div data-elementor-type=\"wp-page\" data-elementor-id=\"51\" class=\"elementor elementor-51\">\n\t\t\t\t\t\t<section class=\"elementor-section elementor-top-section elementor-element elementor-element-be58254 elementor-section-boxed elementor-section-height-default elementor-section-height-default\" data-id=\"be58254\" data-element_type=\"section\">\n\t\t\t\t\t\t<div class=\"elementor-container elementor-column-gap-default\">\n\t\t\t\t\t<div class=\"elementor-column elementor-col-100 elementor-top-column elementor-element elementor-element-0ef4b27\" data-id=\"0ef4b27\" data-element_type=\"column\">\n\t\t\t<div class=\"elementor-widget-wrap elementor-element-populated\">\n\t\t\t\t\t\t<div class=\"elementor-element elementor-element-107f810 elementor-widget elementor-widget-heading\" data-id=\"107f810\" data-element_type=\"widget\" data-widget_type=\"heading.default\">\n\t\t\t\t<div class=\"elementor-widget-container\">\n\t\t\t<h2 class=\"elementor-heading-title elementor-size-default\"><a href=\"sms:\/\/+46700549255\">Tryck h\u00e4r f\u00f6r att boka bord<\/a><\/h2>\t\t<\/div>\n\t\t\t\t<\/div>\n\t\t\t\t<div class=\"elementor-element elementor-element-bfcf944 elementor-shape-rounded elementor-grid-0 e-grid-align-center elementor-widget elementor-widget-social-icons\" data-id=\"bfcf944\" data-element_type=\"widget\" data-widget_type=\"social-icons.default\">\n\t\t\t\t<div class=\"elementor-widget-container\">\n\t\t\t\t\t<div class=\"elementor-social-icons-wrapper elementor-grid\">\n\t\t\t\t\t\t\t<span class=\"elementor-grid-item\">\n\t\t\t\t\t<a class=\"elementor-icon elementor-social-icon elementor-social-icon-facebook elementor-repeater-item-7a4c797\" href=\"https:\/\/www.facebook.com\/people\/Birres-bar\/100088704345340\/\" target=\"_blank\">\n\t\t\t\t\t\t<span class=\"elementor-screen-only\">Facebook<\/span>\n\t\t\t\t\t\t<i class=\"fab fa-facebook\"><\/i>\t\t\t\t\t<\/a>\n\t\t\t\t<\/span>\n\t\t\t\t\t\t\t<span class=\"elementor-grid-item\">\n\t\t\t\t\t<a class=\"elementor-icon elementor-social-icon elementor-social-icon-instagram elementor-repeater-item-0473b38\" href=\"https:\/\/www.instagram.com\/birresbar\/\" target=\"_blank\">\n\t\t\t\t\t\t<span class=\"elementor-screen-only\">Instagram<\/span>\n\t\t\t\t\t\t<i class=\"fab fa-instagram\"><\/i>\t\t\t\t\t<\/a>\n\t\t\t\t<\/span>\n\t\t\t\t\t<\/div>\n\t\t\t\t<\/div>\n\t\t\t\t<\/div>\n\t\t\t\t<div class=\"elementor-element elementor-element-35c9525 elementor-widget elementor-widget-image\" data-id=\"35c9525\" data-element_type=\"widget\" data-widget_type=\"image.default\">\n\t\t\t\t<div class=\"elementor-widget-container\">\n\t\t\t\t\t\t\t\t\t\t\t\t\t<img fetchpriority=\"high\" decoding=\"async\" width=\"427\" height=\"640\" src=\"https:\/\/birresbar.se\/wp-content\/uploads\/2026\/04\/461CB7A1-FD1F-4B16-A6BF-2C00B85F5E7E.png\" class=\"attachment-large size-large wp-image-827\" alt=\"\" srcset=\"https:\/\/birresbar.se\/wp-content\/uploads\/2026\/04\/461CB7A1-FD1F-4B16-A6BF-2C00B85F5E7E.png 427w, https:\/\/birresbar.se\/wp-content\/uploads\/2026\/04\/461CB7A1-FD1F-4B16-A6BF-2C00B85F5E7E-200x300.png 200w\" sizes=\"(max-width: 427px) 100vw, 427px\" \/>\t\t\t\t\t\t\t\t\t\t\t\t\t<\/div>\n\t\t\t\t<\/div>\n\t\t\t\t<div class=\"elementor-element elementor-element-50ce220 elementor-widget elementor-widget-image\" data-id=\"50ce220\" data-element_type=\"widget\" data-widget_type=\"image.default\">\n\t\t\t\t<div class=\"elementor-widget-container\">\n\t\t\t\t\t\t\t\t\t\t\t\t\t<img decoding=\"async\" width=\"427\" height=\"640\" src=\"https:\/\/birresbar.se\/wp-content\/uploads\/2026\/02\/F831D644-1.png\" class=\"attachment-large size-large wp-image-793\" alt=\"\" srcset=\"https:\/\/birresbar.se\/wp-content\/uploads\/2026\/02\/F831D644-1.png 427w, https:\/\/birresbar.se\/wp-content\/uploads\/2026\/02\/F831D644-1-200x300.png 200w\" sizes=\"(max-width: 427px) 100vw, 427px\" \/>\t\t\t\t\t\t\t\t\t\t\t\t\t<\/div>\n\t\t\t\t<\/div>\n\t\t\t\t<div class=\"elementor-element elementor-element-42e886d elementor-widget elementor-widget-image\" data-id=\"42e886d\" data-element_type=\"widget\" data-widget_type=\"image.default\">\n\t\t\t\t<div class=\"elementor-widget-container\">\n\t\t\t\t\t\t\t\t\t\t\t\t\t<img decoding=\"async\" src=\"https:\/\/birresbar.se\/wp-content\/uploads\/2024\/04\/birres-bar-ata-ny.png\" title=\"birres bar \u00e4ta ny\" alt=\"birres bar \u00e4ta ny\" loading=\"lazy\" \/>\t\t\t\t\t\t\t\t\t\t\t\t\t<\/div>\n\t\t\t\t<\/div>\n\t\t\t\t<div class=\"elementor-element elementor-element-8a29a7d elementor-widget elementor-widget-heading\" data-id=\"8a29a7d\" data-element_type=\"widget\" data-widget_type=\"heading.default\">\n\t\t\t\t<div class=\"elementor-widget-container\">\n\t\t\t<h3 class=\"elementor-heading-title elementor-size-default\">I glaset<\/h3>\t\t<\/div>\n\t\t\t\t<\/div>\n\t\t\t\t<div class=\"elementor-element elementor-element-41ccf43 elementor-widget elementor-widget-image\" data-id=\"41ccf43\" data-element_type=\"widget\" data-widget_type=\"image.default\">\n\t\t\t\t<div class=\"elementor-widget-container\">\n\t\t\t\t\t\t\t\t\t\t\t\t\t<img decoding=\"async\" src=\"https:\/\/birresbar.se\/wp-content\/uploads\/2024\/04\/birres-bar-dricka.png\" title=\"birres bar dricka\" alt=\"birres bar dricka\" loading=\"lazy\" \/>\t\t\t\t\t\t\t\t\t\t\t\t\t<\/div>\n\t\t\t\t<\/div>\n\t\t\t\t<div class=\"elementor-element elementor-element-11c1c88 elementor-widget elementor-widget-heading\" data-id=\"11c1c88\" data-element_type=\"widget\" data-widget_type=\"heading.default\">\n\t\t\t\t<div class=\"elementor-widget-container\">\n\t\t\t<h3 class=\"elementor-heading-title elementor-size-default\">\u00d6ppettider<\/h3>\t\t<\/div>\n\t\t\t\t<\/div>\n\t\t\t\t<div class=\"elementor-element elementor-element-e83d3d4 elementor-widget elementor-widget-text-editor\" data-id=\"e83d3d4\" data-element_type=\"widget\" data-widget_type=\"text-editor.default\">\n\t\t\t\t<div class=\"elementor-widget-container\">\n\t\t\t\t\t\t\t<h4><strong>M\u00e5ndag<\/strong>: St\u00e4ngt<br \/><strong>Tisdag<\/strong>: 15.00-23.00<br \/><strong>Onsdag<\/strong>: 15.00-23.00<br \/><strong>Torsdag<\/strong>: 15.00-23:00<br \/><strong>Fredag<\/strong> 15.00-24.00<br \/><strong>L\u00f6rdag<\/strong>: 15.00-24.00<br \/><strong>S\u00f6ndag<\/strong>: 15:00-21:00<br \/>Obs. \u00e4ndringar kan f\u00f6rekomma.<\/h4>\t\t\t\t\t\t<\/div>\n\t\t\t\t<\/div>\n\t\t\t\t<div class=\"elementor-element elementor-element-b2df1c6 elementor-widget__width-inherit elementor-widget elementor-widget-google_maps\" data-id=\"b2df1c6\" data-element_type=\"widget\" data-widget_type=\"google_maps.default\">\n\t\t\t\t<div class=\"elementor-widget-container\">\n\t\t\t\t\t<div class=\"elementor-custom-embed\">\n\t\t\t<iframe loading=\"lazy\"\n\t\t\t\t\tsrc=\"https:\/\/maps.google.com\/maps?q=nya%20akterbaren%2C%20%C3%A5kersberga&#038;t=m&#038;z=11&#038;output=embed&#038;iwloc=near\"\n\t\t\t\t\ttitle=\"nya akterbaren, \u00e5kersberga\"\n\t\t\t\t\taria-label=\"nya akterbaren, \u00e5kersberga\"\n\t\t\t><\/iframe>\n\t\t<\/div>\n\t\t\t\t<\/div>\n\t\t\t\t<\/div>\n\t\t\t\t\t<\/div>\n\t\t<\/div>\n\t\t\t\t\t<\/div>\n\t\t<\/section>\n\t\t\t\t<section class=\"elementor-section elementor-top-section elementor-element elementor-element-600cb43 elementor-section-boxed elementor-section-height-default elementor-section-height-default\" data-id=\"600cb43\" data-element_type=\"section\">\n\t\t\t\t\t\t<div class=\"elementor-container elementor-column-gap-default\">\n\t\t\t\t\t<div class=\"elementor-column elementor-col-100 elementor-top-column elementor-element elementor-element-466af2a\" data-id=\"466af2a\" data-element_type=\"column\">\n\t\t\t<div class=\"elementor-widget-wrap elementor-element-populated\">\n\t\t\t\t\t\t<div class=\"elementor-element elementor-element-653b695 elementor-widget elementor-widget-heading\" data-id=\"653b695\" data-element_type=\"widget\" data-widget_type=\"heading.default\">\n\t\t\t\t<div class=\"elementor-widget-container\">\n\t\t\t<h2 class=\"elementor-heading-title elementor-size-default\">Boka bord <\/h2>\t\t<\/div>\n\t\t\t\t<\/div>\n\t\t\t\t\t<\/div>\n\t\t<\/div>\n\t\t\t\t\t<\/div>\n\t\t<\/section>\n\t\t\t\t<section class=\"elementor-section elementor-top-section elementor-element elementor-element-39c5020 elementor-section-boxed elementor-section-height-default elementor-section-height-default\" data-id=\"39c5020\" data-element_type=\"section\">\n\t\t\t\t\t\t<div class=\"elementor-container elementor-column-gap-default\">\n\t\t\t\t\t<div class=\"elementor-column elementor-col-100 elementor-top-column elementor-element elementor-element-80bc530\" data-id=\"80bc530\" data-element_type=\"column\">\n\t\t\t<div class=\"elementor-widget-wrap elementor-element-populated\">\n\t\t\t\t\t\t<div class=\"elementor-element elementor-element-44e25ee elementor-shape-rounded elementor-grid-0 e-grid-align-center elementor-widget elementor-widget-social-icons\" data-id=\"44e25ee\" data-element_type=\"widget\" data-widget_type=\"social-icons.default\">\n\t\t\t\t<div class=\"elementor-widget-container\">\n\t\t\t\t\t<div class=\"elementor-social-icons-wrapper elementor-grid\">\n\t\t\t\t\t\t\t<span class=\"elementor-grid-item\">\n\t\t\t\t\t<a class=\"elementor-icon elementor-social-icon elementor-social-icon-facebook elementor-repeater-item-2c552cc\" href=\"https:\/\/www.facebook.com\/people\/Birres-bar\/100088704345340\/\" target=\"_blank\">\n\t\t\t\t\t\t<span class=\"elementor-screen-only\">Facebook<\/span>\n\t\t\t\t\t\t<i class=\"fab fa-facebook\"><\/i>\t\t\t\t\t<\/a>\n\t\t\t\t<\/span>\n\t\t\t\t\t\t\t<span class=\"elementor-grid-item\">\n\t\t\t\t\t<a class=\"elementor-icon elementor-social-icon elementor-social-icon-instagram elementor-repeater-item-f595c8b\" href=\"https:\/\/www.instagram.com\/birresbar\/\" target=\"_blank\">\n\t\t\t\t\t\t<span class=\"elementor-screen-only\">Instagram<\/span>\n\t\t\t\t\t\t<i class=\"fab fa-instagram\"><\/i>\t\t\t\t\t<\/a>\n\t\t\t\t<\/span>\n\t\t\t\t\t\t\t<span class=\"elementor-grid-item\">\n\t\t\t\t\t<a class=\"elementor-icon elementor-social-icon elementor-social-icon-comment elementor-repeater-item-b191f52\" href=\"sms:\/\/+46700549255\" target=\"_blank\">\n\t\t\t\t\t\t<span class=\"elementor-screen-only\">Comment<\/span>\n\t\t\t\t\t\t<i class=\"far fa-comment\"><\/i>\t\t\t\t\t<\/a>\n\t\t\t\t<\/span>\n\t\t\t\t\t<\/div>\n\t\t\t\t<\/div>\n\t\t\t\t<\/div>\n\t\t\t\t\t<\/div>\n\t\t<\/div>\n\t\t\t\t\t<\/div>\n\t\t<\/section>\n\t\t\t\t<section class=\"elementor-section elementor-top-section elementor-element elementor-element-57a7501 elementor-section-boxed elementor-section-height-default elementor-section-height-default\" data-id=\"57a7501\" data-element_type=\"section\">\n\t\t\t\t\t\t<div class=\"elementor-container elementor-column-gap-default\">\n\t\t\t\t\t<div class=\"elementor-column elementor-col-100 elementor-top-column elementor-element elementor-element-041b431\" data-id=\"041b431\" data-element_type=\"column\">\n\t\t\t<div class=\"elementor-widget-wrap elementor-element-populated\">\n\t\t\t\t\t\t<div class=\"elementor-element elementor-element-e8805be elementor-widget elementor-widget-heading\" data-id=\"e8805be\" data-element_type=\"widget\" data-widget_type=\"heading.default\">\n\t\t\t\t<div class=\"elementor-widget-container\">\n\t\t\t<h2 class=\"elementor-heading-title elementor-size-default\"><a href=\"sms:\/\/+46700549255\" sms=\"sms:\/\/+46728640743\">Tryck h\u00e4r f\u00f6r att boka via sms<\/a><\/h2>\t\t<\/div>\n\t\t\t\t<\/div>\n\t\t\t\t\t<\/div>\n\t\t<\/div>\n\t\t\t\t\t<\/div>\n\t\t<\/section>\n\t\t\t\t<section class=\"elementor-section elementor-top-section elementor-element elementor-element-9ee580b elementor-section-boxed elementor-section-height-default elementor-section-height-default\" data-id=\"9ee580b\" data-element_type=\"section\">\n\t\t\t\t\t\t<div class=\"elementor-container elementor-column-gap-default\">\n\t\t\t\t\t<div class=\"elementor-column elementor-col-100 elementor-top-column elementor-element elementor-element-309f672\" data-id=\"309f672\" data-element_type=\"column\">\n\t\t\t<div class=\"elementor-widget-wrap elementor-element-populated\">\n\t\t\t\t\t\t<div class=\"elementor-element elementor-element-fa01c24 elementor-widget elementor-widget-heading\" data-id=\"fa01c24\" data-element_type=\"widget\" data-widget_type=\"heading.default\">\n\t\t\t\t<div class=\"elementor-widget-container\">\n\t\t\t<h3 class=\"elementor-heading-title elementor-size-default\">K\u00f6p presentkort p\u00e5 Birres bar<\/h3>\t\t<\/div>\n\t\t\t\t<\/div>\n\t\t\t\t<div class=\"elementor-element elementor-element-670b7bf elementor-widget elementor-widget-image\" data-id=\"670b7bf\" data-element_type=\"widget\" data-widget_type=\"image.default\">\n\t\t\t\t<div class=\"elementor-widget-container\">\n\t\t\t\t\t\t\t\t\t\t\t\t\t<img decoding=\"async\" width=\"585\" height=\"839\" src=\"https:\/\/birresbar.se\/wp-content\/uploads\/2024\/04\/birres-bar-abro.png\" class=\"attachment-large size-large wp-image-498\" alt=\"\" srcset=\"https:\/\/birresbar.se\/wp-content\/uploads\/2024\/04\/birres-bar-abro.png 585w, https:\/\/birresbar.se\/wp-content\/uploads\/2024\/04\/birres-bar-abro-209x300.png 209w\" sizes=\"(max-width: 585px) 100vw, 585px\" \/>\t\t\t\t\t\t\t\t\t\t\t\t\t<\/div>\n\t\t\t\t<\/div>\n\t\t\t\t\t<\/div>\n\t\t<\/div>\n\t\t\t\t\t<\/div>\n\t\t<\/section>\n\t\t\t\t<section class=\"elementor-section elementor-top-section elementor-element elementor-element-6627c89 elementor-section-boxed elementor-section-height-default elementor-section-height-default\" data-id=\"6627c89\" data-element_type=\"section\">\n\t\t\t\t\t\t<div class=\"elementor-container elementor-column-gap-default\">\n\t\t\t\t\t<div class=\"elementor-column elementor-col-100 elementor-top-column elementor-element elementor-element-38f0ed9\" data-id=\"38f0ed9\" data-element_type=\"column\">\n\t\t\t<div class=\"elementor-widget-wrap elementor-element-populated\">\n\t\t\t\t\t\t<div class=\"elementor-element elementor-element-0cd4241 elementor-widget elementor-widget-text-editor\" data-id=\"0cd4241\" data-element_type=\"widget\" data-widget_type=\"text-editor.default\">\n\t\t\t\t<div class=\"elementor-widget-container\">\n\t\t\t\t\t\t\t<p>V\u00e4lkommen till Birres Bar, #1 bar i Roslagens Venedig \u00e4ven k\u00e4nt som \u00c5kersberga. H\u00e4r kan du \u00e4ta och dricka gott i s\u00e4llskap med v\u00e4nner.<\/p>\t\t\t\t\t\t<\/div>\n\t\t\t\t<\/div>\n\t\t\t\t\t<\/div>\n\t\t<\/div>\n\t\t\t\t\t<\/div>\n\t\t<\/section>\n\t\t\t\t<section class=\"elementor-section elementor-top-section elementor-element elementor-element-a5ef8d3 elementor-section-boxed elementor-section-height-default elementor-section-height-default\" data-id=\"a5ef8d3\" data-element_type=\"section\">\n\t\t\t\t\t\t<div class=\"elementor-container elementor-column-gap-default\">\n\t\t\t\t\t<div class=\"elementor-column elementor-col-100 elementor-top-column elementor-element elementor-element-b783dab\" data-id=\"b783dab\" data-element_type=\"column\">\n\t\t\t<div class=\"elementor-widget-wrap elementor-element-populated\">\n\t\t\t\t\t\t<div class=\"elementor-element elementor-element-f04431c elementor-widget elementor-widget-image\" data-id=\"f04431c\" data-element_type=\"widget\" data-widget_type=\"image.default\">\n\t\t\t\t<div class=\"elementor-widget-container\">\n\t\t\t\t\t\t\t\t\t\t\t\t\t<img loading=\"lazy\" decoding=\"async\" width=\"589\" height=\"840\" src=\"https:\/\/birresbar.se\/wp-content\/uploads\/2024\/04\/birresbar-meny2-logga.png\" class=\"attachment-large size-large wp-image-477\" alt=\"\" srcset=\"https:\/\/birresbar.se\/wp-content\/uploads\/2024\/04\/birresbar-meny2-logga.png 589w, https:\/\/birresbar.se\/wp-content\/uploads\/2024\/04\/birresbar-meny2-logga-210x300.png 210w\" sizes=\"(max-width: 589px) 100vw, 589px\" \/>\t\t\t\t\t\t\t\t\t\t\t\t\t<\/div>\n\t\t\t\t<\/div>\n\t\t\t\t\t<\/div>\n\t\t<\/div>\n\t\t\t\t\t<\/div>\n\t\t<\/section>\n\t\t\t\t<section class=\"elementor-section elementor-top-section elementor-element elementor-element-3781e0b elementor-section-boxed elementor-section-height-default elementor-section-height-default\" data-id=\"3781e0b\" data-element_type=\"section\">\n\t\t\t\t\t\t<div class=\"elementor-container elementor-column-gap-default\">\n\t\t\t\t\t<div class=\"elementor-column elementor-col-100 elementor-top-column elementor-element elementor-element-21c5a34\" data-id=\"21c5a34\" data-element_type=\"column\">\n\t\t\t<div class=\"elementor-widget-wrap\">\n\t\t\t\t\t\t\t<\/div>\n\t\t<\/div>\n\t\t\t\t\t<\/div>\n\t\t<\/section>\n\t\t\t\t<section class=\"elementor-section elementor-top-section elementor-element elementor-element-d641d2f elementor-section-boxed elementor-section-height-default elementor-section-height-default\" data-id=\"d641d2f\" data-element_type=\"section\">\n\t\t\t\t\t\t<div class=\"elementor-container elementor-column-gap-default\">\n\t\t\t\t\t<div class=\"elementor-column elementor-col-100 elementor-top-column elementor-element elementor-element-4f6677b\" data-id=\"4f6677b\" data-element_type=\"column\">\n\t\t\t<div class=\"elementor-widget-wrap\">\n\t\t\t\t\t\t\t<\/div>\n\t\t<\/div>\n\t\t\t\t\t<\/div>\n\t\t<\/section>\n\t\t\t\t<\/div>\n\t\t","protected":false},"excerpt":{"rendered":"<p>Tryck h\u00e4r f\u00f6r att boka bord Facebook Instagram I glaset \u00d6ppettider M\u00e5ndag: St\u00e4ngtTisdag: 15.00-23.00Onsdag: 15.00-23.00Torsdag: 15.00-23:00Fredag 15.00-24.00L\u00f6rdag: 15.00-24.00S\u00f6ndag: 15:00-21:00Obs. \u00e4ndringar kan f\u00f6rekomma. Boka bord Facebook Instagram Comment Tryck h\u00e4r f\u00f6r att boka via sms K\u00f6p presentkort p\u00e5 Birres bar V\u00e4lkommen till Birres Bar, #1 bar i Roslagens Venedig \u00e4ven k\u00e4nt som \u00c5kersberga. H\u00e4r kan du&nbsp;&hellip;<\/p>\n","protected":false},"author":1,"featured_media":0,"parent":0,"menu_order":0,"comment_status":"closed","ping_status":"closed","template":"","meta":{"footnotes":""},"_links":{"self":[{"href":"https:\/\/birresbar.se\/index.php?rest_route=\/wp\/v2\/pages\/51"}],"collection":[{"href":"https:\/\/birresbar.se\/index.php?rest_route=\/wp\/v2\/pages"}],"about":[{"href":"https:\/\/birresbar.se\/index.php?rest_route=\/wp\/v2\/types\/page"}],"author":[{"embeddable":true,"href":"https:\/\/birresbar.se\/index.php?rest_route=\/wp\/v2\/users\/1"}],"replies":[{"embeddable":true,"href":"https:\/\/birresbar.se\/index.php?rest_route=%2Fwp%2Fv2%2Fcomments&post=51"}],"version-history":[{"count":588,"href":"https:\/\/birresbar.se\/index.php?rest_route=\/wp\/v2\/pages\/51\/revisions"}],"predecessor-version":[{"id":835,"href":"https:\/\/birresbar.se\/index.php?rest_route=\/wp\/v2\/pages\/51\/revisions\/835"}],"wp:attachment":[{"href":"https:\/\/birresbar.se\/index.php?rest_route=%2Fwp%2Fv2%2Fmedia&parent=51"}],"curies":[{"name":"wp","href":"https:\/\/api.w.org\/{rel}","templated":true}]}}